{"id":206,"date":"2016-12-06T20:09:49","date_gmt":"2016-12-06T19:09:49","guid":{"rendered":"https:\/\/micro2111.wordpress.com\/?page_id=2"},"modified":"2016-12-06T20:09:49","modified_gmt":"2016-12-06T19:09:49","slug":"informazioni","status":"publish","type":"page","link":"https:\/\/microsystems-srl.com\/?page_id=206","title":{"rendered":"Internet of Things"},"content":{"rendered":"<p>La tecnologia utilizzata nei nostri prodotti \u00e8 raffigurata nel disegno seguente , un server di campo collegato al gatewat lora (4) raccoglie tutte le informazioni provenienti dai sensori dislocati nell&#8217;azienda e fuori da essa fino ad una distanza di 1km circa .<\/p>\n<p>tutte le informazioni viaggiano in maniera criptata.<\/p>\n<p>il\u00a0 Server di campo raccoglie i dati, li decripta e provvede a visualizzarli in locale con\u00a0 grafici. Il Server permette anche qualche semplice confronto tra dati come valori fuori range, inoltrando gli allarmi al responsabile.<\/p>\n<p>I dati a richiesta dell&#8217;azienda vengono inoltrati ad un cloud a scelta (IBM AWS ,Microsoft) oppure al cloud della Microsystems srl\u00a0 dove vengono archiviate ed avvengono le elaborazioni pi\u00f9 complesse con l&#8217;aiuto dell&#8217;intelligenza artificiale AI.<\/p>\n<p align=\"left\"><img loading=\"lazy\" decoding=\"async\" class=\"  wp-image-153 aligncenter\" src=\"https:\/\/microsystems-srl.com\/wp-content\/uploads\/2020\/04\/fattoria.jpg\" alt=\"fattoria\" width=\"657\" height=\"487\" \/><\/p>\n<h2 class=\"western\" align=\"left\"><a name=\"Ambiti_di_applicazione_e_casi_duso_dellIoT_per_consumatori_e_aziende\"><\/a> <span style=\"font-family:Times New Roman, serif;\"><span style=\"font-size:large;\">Ambiti di applicazione e casi d\u2019uso dell\u2019IoT per consumatori e aziende<\/span><\/span><\/h2>\n<p>I principali ambiti di applicazione dell\u2019Internet of Things sono rappresentati da quei contesti nei quali ci sono \u201c<em>cose<\/em>\u201d che possono \u201c<em>parlare<\/em>\u201d e generare nuove informazioni come ad esempio:<\/p>\n<ul>\n<li>Casa, smart home, domotica<\/li>\n<li>Edifici intelligenti, smart building, bulding automation<\/li>\n<li>Monitoraggio in ambito industriale, Robotica, Robotica collaborativa<\/li>\n<li>Industria automobilistica, automotive, self driving car<\/li>\n<li>Smart health, sanit\u00e0, mondo biomedicale<\/li>\n<li>Tutti gli ambiti della telemetria<\/li>\n<li>Tutti gli ambiti della sorveglianza e della sicurezza<\/li>\n<li>Smar city, smart mobility<\/li>\n<li>Nuove forme di digital payment tramite oggetti<\/li>\n<li>Smart agrifood, precision farming, sensori di fields<\/li>\n<li>Zootecnia, wearable per animali<\/li>\n<\/ul>\n<h3 class=\"western\" align=\"center\"><a name=\"1_Smart_City_citta_intelligenti\"><\/a> <span style=\"font-family:Times New Roman, serif;\"><span style=\"font-size:large;\">1. Smart City (citt\u00e0 intelligenti)<\/span><\/span><\/h3>\n<p>Le <strong>citt\u00e0 intelligenti<\/strong> (alcuni le chiamano <em>citt\u00e0 sensibili<\/em>) si riferiscono a strategie di pianificazione urbanistica che migliorano la qualit\u00e0 di vita in citt\u00e0, e cercano di soddisfare le esigenze ed i bisogni dei cittadini.<\/p>\n<p>Le tecnologie adottate per realizzare citt\u00e0 intelligenti (o parti di esse) permettono di relazionare infrastrutture (oggetti) con gli abitanti della citt\u00e0. Esempi sono semafori intelligenti (che diventano verdi quando non passano macchine dal senso opposto) oppure sistemi innovativi per la gestione e smaltimento dei rifiuti, altre innovazioni ambientali, energetiche, di mobilit\u00e0, comunicazione, ed urbanistiche.<\/p>\n<p>Tra i settori sui quali si assiste a un maggior imteresse a livello di industriale e di pubbliche amministrazione rileviamo tutto il mondo delle Smart City che si accompagnano con tematiche legate ai progetti della pubbliche amministrazioni e ai temi pi\u00e0 strategici come quelli relativi agli Open Data.<\/p>\n<h3 class=\"western\" align=\"center\"><a name=\"2_Smart_Building_e_Smart_Home_case_e_palazzi_connessi\"><\/a> 2. Smart Building e Smart Home<\/h3>\n<p>Le differenze sostanziali tra edifici e case intelligenti \u00e8 che, mentre le <strong>smart home<\/strong> (case intelligenti) si rivolgono soprattutto ad un pubblico \u201c<em>consumer<\/em>\u201d ovvero a consumatori e fruitori finali dei servizi (esempi possono essere regolare la temperatura della casa a distanza, oppure sensori di rilevamento per le persone in casa), le <strong>smart building\u00a0<\/strong>(edifici intelligenti) si rivolgono soprattutto al <em>B2B<\/em>, ovvero alla realizzazione ed ottimizzazione di palazzi ed uffici, per dotarli di oggetti intelligenti che interagiscano con l\u2019ambiente interno (ad esempio gestione della luce e dell\u2019energia elettrica).<\/p>\n<p>Il mondo dello\u00a0<strong>Smart Building<\/strong>\u00a0prosegue su un doppio binario, con una componente che guarda principalemnte al mondo <strong>domestico (case intelligenti)\u00a0<\/strong>e che sta accendendo fenomeni di attenzione verso il mondo consumer e una componente <strong>professionale (smart building)\u00a0<\/strong>che \u00e8 ormai diventata patrimonio comune di sviluppo e progettazione da parte di progettisti e architetti.<\/p>\n<h3 class=\"western\"><a name=\"3_Smart_Mobility\"><\/a> 3. Smart Mobility<\/h3>\n<p>Il tema della mobilit\u00e0 \u00e8 assolutamente centrale per determinare la qualit\u00e0 della via delle nostre citt\u00e0 e come \u00e8 stato pi\u00f9 volte enfatizzato non pu\u00f2 esserci Smart City se non c\u2019\u00e8 <strong>Smart Mobility<\/strong>. Sono tante le imprese che stanno pesantemente investendo in questo settore anche perch\u00e8 nella dimensione delle Smart Car e della Connected Car ma anche applicazioni legate al mondo del trasporto ferroviario con treni controllati da IoT, apre grandissime opportunit\u00e0 di business.<\/p>\n<h3 class=\"western\"><a name=\"4_Smart_Agriculture\"><\/a> 4. Smart Agriculture<\/h3>\n<p><i>\u00a0<\/i>Il precision farming chiamato anche\u00a0<em>Agrifood<\/em>\u00a0\u00e8 uno dei settori con la pi\u00f9 elevata opportunit\u00e0 di sviluppo e con la pi\u00f9 bassa penetrazione, ad oggi, di soluzioni digitalizzate.<\/p>\n<p>Si tratta di un settore che a livello di sensoristica ambientale e territoriale, di applicazioni per il meteo, di automazione di apparati per la gestione sempre pi\u00f9 precisa di acqua, fertilizzanti, concimi, agrofarmaci necessit\u00e0 di soluzioni digitali.<\/p>\n<p>Le esperienze sono tante e solo legate all\u2019utilizzo dei <a href=\"http:\/\/www.internet4things.it\/tag\/droni\/\">droni<\/a>, a <a href=\"http:\/\/www.internet4things.it\/smart-agrifood\/sal-engineering-precision-farming-dai-sensori-iot-ai-dati\/\">sensoristica<\/a> che rimanda ai temi dell\u2019Internet della Terra, a soluzioni di logistica innovativa per la <a href=\"http:\/\/www.internet4things.it\/smart-agrifood\/la-smart-agriculture-si-muove-verso-l-internet-della-terra\/\">Smart Agriculture<\/a>, o ancora a soluzioni per l\u2019agroenergy\u00a0o a operazioni che puntano a migliorare il rapporto legato a cibo e sostenibilit\u00e0.<\/p>\n<h3 class=\"western\"><a name=\"5_IoT_e_Pubblica_amministrazione_trasporti_energia_sostenibilita_rifiuti_ambiente\"><\/a> 5. IoT e Pubblica amministrazione: trasporti, energia, sostenibilit\u00e0, rifiuti, ambiente<\/h3>\n<p>Oggi le pubbliche amministrazioni ricoprono un ruolo fondamentale per lo sviluppo dell\u2019Interne delle cose. Spesso la tecnologia \u00e8 regolamentata, finanziata e gestita dal settore pubblico anche nella prospettica dell\u2019<strong>Intelligent Transport System<\/strong> (<em>ITS<\/em>), che spesso \u00e8 anche committente. Per quanto riguarda il ruolo regolatore si citano due esempi: il monitoraggio del corretto funzionamento e della posizione delle gambling machine o l\u2019introduzione obbligatoria dei contatori intelligenti per il telecontrollo e la telegestione.<\/p>\n<p>Secondo gli analisi dell\u2019Osservatorio, il soggetto pubblico pu\u00f2 e deve promuovere azioni di indirizzo stanziando finanziamenti straordinari destinati a enti pubblici e aziende private: questo pu\u00f2 accadere ad esempio per la riduzione dei consumi energetici o per la sostenibilit\u00e0 delle aree urbane. Infine il soggetto pubblico spesso \u00e8 anche committente: \u00e8 il caso dell\u2019Internet of Things utilizzato per l\u2019illuminazione stradale o per il monitoraggio preventivo del territorio.<\/p>\n<h3 class=\"western\"><a name=\"6_Smart_Manufacturing_industria_40_o_industry_40\"><\/a> 6. Smart Manufacturing (industria 4.0 o industry 4.0)<\/h3>\n<p>Lo\u00a0<strong>Smart Manufacturing<\/strong>\u00a0(anche chiamato <a href=\"https:\/\/www.internet4things.it\/industry-4-0\/industria-4-0-significato-opportunita-ed-esempi-concreti-dello-smart-manufacturing\/\">industria 4.0<\/a>) \u00e8 stato certamente uno dei precursori del mondo IoT. Applicazioni IoT sono attive da tanti anni, da ben prima che si iniziasse a parlare di Internet delle cose. Oggi questo settore \u00e8 uno dei pi\u00f9 maturi e unisce tematiche legate all\u2019automazione con tematiche legate al mondo della robotica.<\/p>\n<p>Lo Smart Manufacturing si sovrappone anche con il mondo <a href=\"https:\/\/www.internet4things.it\/industry-4-0\/\">Industry 4.0<\/a>, vale a dire con una vera e propria politica di sviluppo per estendere l\u2019introduzione del digitale nel mondo dell\u2019industria che \u00e8 nata in Germania con il fenomeno industrie 4.0 e che ha trovato un suo corrispettivo negli stati uniti con il fenomeno della fabbrica digitale. L\u2019Industry 4.0 o Industria 4.0 \u00e8 una vera e propria realt\u00e0 tanto che nel nostro paese rappresenta un business\u00a0pari a un\u00a0miliardo e 200 milioni di euro nel corso del 2015, dai dati della ricerca dell\u2019<strong>Osservatorio Smart Manufacturing della School of Management del Politecnico di Milano<\/strong> e che evidenzia anche come questo mercato stia crescendo a un ritmo\u00a0del 20% e rappresenti una spinta concreta nei confronti del<strong> Made in Italy<\/strong><\/p>\n<pre>  \n\n<\/pre>\n<p>&nbsp;<\/p>\n","protected":false},"excerpt":{"rendered":"<p>Questo \u00e8 solo un piccolo estratto per la pagina di&nbsp;informazioni.<\/p>\n","protected":false},"author":1,"featured_media":0,"parent":0,"menu_order":1,"comment_status":"closed","ping_status":"closed","template":"","meta":{"footnotes":""},"class_list":["post-206","page","type-page","status-publish","hentry"],"_links":{"self":[{"href":"https:\/\/microsystems-srl.com\/index.php?rest_route=\/wp\/v2\/pages\/206","targetHints":{"allow":["GET"]}}],"collection":[{"href":"https:\/\/microsystems-srl.com\/index.php?rest_route=\/wp\/v2\/pages"}],"about":[{"href":"https:\/\/microsystems-srl.com\/index.php?rest_route=\/wp\/v2\/types\/page"}],"author":[{"embeddable":true,"href":"https:\/\/microsystems-srl.com\/index.php?rest_route=\/wp\/v2\/users\/1"}],"replies":[{"embeddable":true,"href":"https:\/\/microsystems-srl.com\/index.php?rest_route=%2Fwp%2Fv2%2Fcomments&post=206"}],"version-history":[{"count":0,"href":"https:\/\/microsystems-srl.com\/index.php?rest_route=\/wp\/v2\/pages\/206\/revisions"}],"wp:attachment":[{"href":"https:\/\/microsystems-srl.com\/index.php?rest_route=%2Fwp%2Fv2%2Fmedia&parent=206"}],"curies":[{"name":"wp","href":"https:\/\/api.w.org\/{rel}","templated":true}]}}