{"id":266,"date":"2025-10-11T23:24:55","date_gmt":"2025-10-11T21:24:55","guid":{"rendered":"https:\/\/microsystems-srl.com\/?page_id=266"},"modified":"2025-10-19T19:19:39","modified_gmt":"2025-10-19T17:19:39","slug":"about-us","status":"publish","type":"page","link":"https:\/\/microsystems-srl.com\/?page_id=266","title":{"rendered":"About Us"},"content":{"rendered":"<p class=\"western\" align=\"left\"><span style=\"font-family: Calibri, serif;\"><span style=\"font-size: small;\"><span style=\"font-size: large;\"><strong>La Microsystems srl<\/strong>, \u00e8 stata fondata nel 1993 e rappresenta una piccola realt\u00e0 industriale del centro Sicilia.<br \/>\nDurante la propria attivit\u00e0, la societ\u00e0 ha maturato competenze interdisciplinari in diversi campi che vanno dall\u2019elettronica all&#8217; automazione industriale, a sistemi di videosorveglianza ed antintrusione, all\u2019 impiantistica da fonti rinnovabili. <\/span><\/span><\/span><\/p>\n<p class=\"western\" align=\"left\"><span style=\"font-family: Calibri, serif;\"><span style=\"font-size: small;\"><span style=\"font-size: large;\">A partire dal 2007 , l\u2019azienda ha cominciato ad occuparsi anche di impianti alimentati da fonti innovabili soprattutto impianti fotovoltaici, ma anche <strong>impianti eolici, solare termico e pompe di calore.<\/strong><\/span><\/span><\/span><\/p>\n<p class=\"western\" align=\"left\"><span style=\"font-family: Calibri, serif;\"><span style=\"font-size: small;\"><span style=\"font-size: large;\">Nell\u2019ultimo quinquennio le attivit\u00e0 dell\u2019azienda si sono sviluppate principalmente nella direzione del risparmio energetico, estendendo le proprie competenze dall\u2019impiantistica tradizionale a quella domotica per la gestione integrata ed intelligente del sistema casa. L\u2019obiettivo che l\u2019azienda oggi si pone, \u00e8 quello di fornire al cliente delle soluzioni personalizzate per il <strong>risparmio energetico.<\/strong><\/span><\/span><\/span><\/p>\n","protected":false},"excerpt":{"rendered":"<p>La Microsystems srl, \u00e8 stata fondata nel 1993 e rappresenta una piccola realt\u00e0 industriale del centro Sicilia. Durante la propria attivit\u00e0, la societ\u00e0 ha maturato competenze interdisciplinari in diversi campi&hellip;<\/p>\n","protected":false},"author":1,"featured_media":0,"parent":0,"menu_order":0,"comment_status":"closed","ping_status":"closed","template":"","meta":{"footnotes":""},"class_list":["post-266","page","type-page","status-publish","hentry"],"_links":{"self":[{"href":"https:\/\/microsystems-srl.com\/index.php?rest_route=\/wp\/v2\/pages\/266","targetHints":{"allow":["GET"]}}],"collection":[{"href":"https:\/\/microsystems-srl.com\/index.php?rest_route=\/wp\/v2\/pages"}],"about":[{"href":"https:\/\/microsystems-srl.com\/index.php?rest_route=\/wp\/v2\/types\/page"}],"author":[{"embeddable":true,"href":"https:\/\/microsystems-srl.com\/index.php?rest_route=\/wp\/v2\/users\/1"}],"replies":[{"embeddable":true,"href":"https:\/\/microsystems-srl.com\/index.php?rest_route=%2Fwp%2Fv2%2Fcomments&post=266"}],"version-history":[{"count":2,"href":"https:\/\/microsystems-srl.com\/index.php?rest_route=\/wp\/v2\/pages\/266\/revisions"}],"predecessor-version":[{"id":331,"href":"https:\/\/microsystems-srl.com\/index.php?rest_route=\/wp\/v2\/pages\/266\/revisions\/331"}],"wp:attachment":[{"href":"https:\/\/microsystems-srl.com\/index.php?rest_route=%2Fwp%2Fv2%2Fmedia&parent=266"}],"curies":[{"name":"wp","href":"https:\/\/api.w.org\/{rel}","templated":true}]}}