{"id":267,"date":"2025-10-11T23:24:55","date_gmt":"2025-10-11T21:24:55","guid":{"rendered":"https:\/\/microsystems-srl.com\/?page_id=267"},"modified":"2026-01-10T09:25:10","modified_gmt":"2026-01-10T08:25:10","slug":"services","status":"publish","type":"page","link":"https:\/\/microsystems-srl.com\/?page_id=267","title":{"rendered":"Comunit\u00e0 Energetiche"},"content":{"rendered":"<p>&nbsp;<\/p>\n<p>La microsystems srl Realizza impianti in comuntit\u00e0 energetiche con il nostro partner Cer Sicilia<\/p>\n<ul>\n<li>Che cos&#8217;\u00e8 la comunit\u00e0 energetica<\/li>\n<li><\/li>\n<\/ul>\n<p><a href=\"https:\/\/www.cersicilia.it\/\">Associazione CER Sicilia ETS<\/a><\/p>\n<p>&nbsp;<\/p>\n","protected":false},"excerpt":{"rendered":"<p>&nbsp; La microsystems srl Realizza impianti in comuntit\u00e0 energetiche con il nostro partner Cer Sicilia Che cos&#8217;\u00e8 la comunit\u00e0 energetica Associazione CER Sicilia ETS &nbsp;<\/p>\n","protected":false},"author":1,"featured_media":0,"parent":0,"menu_order":0,"comment_status":"closed","ping_status":"closed","template":"","meta":{"footnotes":""},"class_list":["post-267","page","type-page","status-publish","hentry"],"_links":{"self":[{"href":"https:\/\/microsystems-srl.com\/index.php?rest_route=\/wp\/v2\/pages\/267","targetHints":{"allow":["GET"]}}],"collection":[{"href":"https:\/\/microsystems-srl.com\/index.php?rest_route=\/wp\/v2\/pages"}],"about":[{"href":"https:\/\/microsystems-srl.com\/index.php?rest_route=\/wp\/v2\/types\/page"}],"author":[{"embeddable":true,"href":"https:\/\/microsystems-srl.com\/index.php?rest_route=\/wp\/v2\/users\/1"}],"replies":[{"embeddable":true,"href":"https:\/\/microsystems-srl.com\/index.php?rest_route=%2Fwp%2Fv2%2Fcomments&post=267"}],"version-history":[{"count":2,"href":"https:\/\/microsystems-srl.com\/index.php?rest_route=\/wp\/v2\/pages\/267\/revisions"}],"predecessor-version":[{"id":335,"href":"https:\/\/microsystems-srl.com\/index.php?rest_route=\/wp\/v2\/pages\/267\/revisions\/335"}],"wp:attachment":[{"href":"https:\/\/microsystems-srl.com\/index.php?rest_route=%2Fwp%2Fv2%2Fmedia&parent=267"}],"curies":[{"name":"wp","href":"https:\/\/api.w.org\/{rel}","templated":true}]}}